{"id":10243,"date":"2025-06-26T10:30:27","date_gmt":"2025-06-26T08:30:27","guid":{"rendered":"https:\/\/www.fetenfeten.net\/proyectos\/"},"modified":"2026-02-18T14:24:00","modified_gmt":"2026-02-18T13:24:00","slug":"feten-feten-projects-music-culture-and-collaborations","status":"publish","type":"page","link":"https:\/\/www.fetenfeten.net\/en\/feten-feten-projects-music-culture-and-collaborations\/","title":{"rendered":"Projects"},"content":{"rendered":"[vc_row ct_row_stretch=&#8221;stretch_row_content_no_spaces&#8221; equal_height=&#8221;yes&#8221;][vc_column css=&#8221;.vc_custom_1750759227372{background-image: url(http:\/\/www.prodesin.net\/~fetenfeten\/wp-content\/uploads\/2025\/06\/cabsecc.png?id=9262) !important;background-position: center !important;background-repeat: no-repeat !important;background-size: cover !important;}&#8221;]<div class=\"ult-spacer spacer-69f5594377cb5\" data-id=\"69f5594377cb5\" data-height=\"140\" data-height-mobile=\"140\" data-height-tab=\"140\" data-height-tab-portrait=\"\" data-height-mobile-landscape=\"\" style=\"clear:both;display:block;\"><\/div><div id=\"ultimate-heading-851469f5594377d1b\" class=\"uvc-heading ult-adjust-bottom-margin ultimate-heading-851469f5594377d1b uvc-5255 \" data-hspacer=\"no_spacer\"  data-halign=\"center\" style=\"text-align:center\"><div class=\"uvc-heading-spacer no_spacer\" style=\"top\"><\/div><div class=\"uvc-main-heading ult-responsive\"  data-ultimate-target='.uvc-heading.ultimate-heading-851469f5594377d1b h3'  data-responsive-json-new='{\"font-size\":\"desktop:30px;\",\"line-height\":\"desktop:25px;\"}' ><h3 style=\"font-weight:bold;color:#f9f0dd;margin-bottom:16px;\">PROJECTS<\/h3><\/div><\/div><div class=\"ult-spacer spacer-69f5594377d7e\" data-id=\"69f5594377d7e\" data-height=\"125\" data-height-mobile=\"125\" data-height-tab=\"125\" data-height-tab-portrait=\"\" data-height-mobile-landscape=\"\" style=\"clear:both;display:block;\"><\/div>[\/vc_column][\/vc_row][vc_section ct_section_stretch=&#8221;stretch_section_content_no_spaces&#8221; ct_bg_color=&#8221;#fcf7ee&#8221;][vc_row ct_row_stretch=&#8221;&#8221;][vc_column]<div class=\"ult-spacer spacer-69f5594377da4\" data-id=\"69f5594377da4\" data-height=\"125\" data-height-mobile=\"125\" data-height-tab=\"125\" data-height-tab-portrait=\"\" data-height-mobile-landscape=\"\" style=\"clear:both;display:block;\"><\/div>[vc_column_text]<span style=\"color: #b01b28;\">Fet\u00e9n Fet\u00e9n<\/span> offers several possibilities for staging, ranging from its duo format \u201cPopular Music With Unusual Instruments\u201d to \u201cFet\u00e9n Sinf\u00f3nico\u201d performing programs with the OSBU, OSCYL, N\u00fcrnberger Symphoniker and Tiroler Symphonieorchester.<\/p>\n<p>In addition, there are other initiatives: the Educational and Family Concerts &#8220;The Magical Planet of Unusual Instruments&#8221;, a project that has been complemented by the publication of a book to be used as a travel notebook for the youngest listeners; concerts with music bands; and the &#8220;Fet\u00e9n Museums&#8221; project included in the Prado Museum family program and in the National Sculpture Museum in Valladolid, among others.<\/p>\n<p>The concerts as a trio with guest artists (Miguel Malla with the 3yJazz concert, Nacho Mastretta, Luis Delgado, Pedro Pascual, Jou Gonzalez, Borja Barrueta, etc.) complete a versatile range of proposals now offered by this group from Castille-Leon.<\/p>\n<p><span style=\"color: #b01b28;\"><strong>Fet\u00e9n concerts for all types of crowds!<\/strong><\/span>[\/vc_column_text]<div class=\"ult-spacer spacer-69f5594377dc6\" data-id=\"69f5594377dc6\" data-height=\"125\" data-height-mobile=\"125\" data-height-tab=\"125\" data-height-tab-portrait=\"\" data-height-mobile-landscape=\"\" style=\"clear:both;display:block;\"><\/div>[vc_separator][\/vc_column][\/vc_row][\/vc_section][vc_section ct_section_stretch=&#8221;stretch_section_content&#8221;][vc_row ct_row_stretch=&#8221;&#8221;][vc_column]<div class=\"ult-spacer spacer-69f5594377de6\" data-id=\"69f5594377de6\" data-height=\"125\" data-height-mobile=\"125\" data-height-tab=\"125\" data-height-tab-portrait=\"\" data-height-mobile-landscape=\"\" style=\"clear:both;display:block;\"><\/div>[\/vc_column][\/vc_row][vc_row ct_row_stretch=&#8221;&#8221;][vc_column]<div class=\"ult-spacer spacer-69f5594377e05\" data-id=\"69f5594377e05\" data-height=\"60\" data-height-mobile=\"60\" data-height-tab=\"60\" data-height-tab-portrait=\"\" data-height-mobile-landscape=\"\" style=\"clear:both;display:block;\"><\/div>[\/vc_column][\/vc_row][\/vc_section][vc_section ct_section_stretch=&#8221;&#8221;][vc_row ct_row_stretch=&#8221;&#8221;][vc_column][vc_masonry_grid post_type=&#8221;post&#8221; max_items=&#8221;10&#8243; order=&#8221;ASC&#8221; initial_loading_animation=&#8221;fadeIn&#8221; grid_id=&#8221;vc_gid:1771421026797-b58e0143-7023-7&#8243; taxonomies=&#8221;78&#8243;][\/vc_column][\/vc_row][\/vc_section][vc_section ct_section_stretch=&#8221;&#8221;][vc_row ct_row_stretch=&#8221;&#8221;][vc_column]<div class=\"ult-spacer spacer-69f5594377e23\" data-id=\"69f5594377e23\" data-height=\"125\" data-height-mobile=\"125\" data-height-tab=\"125\" data-height-tab-portrait=\"\" data-height-mobile-landscape=\"\" style=\"clear:both;display:block;\"><\/div>[\/vc_column][\/vc_row][\/vc_section][vc_section ct_section_stretch=&#8221;stretch_section_content_no_spaces&#8221; disable_element=&#8221;yes&#8221;][vc_row ct_row_stretch=&#8221;stretch_row_content_no_spaces&#8221;][vc_column]\n<div id=\"interactive-banner-1-wrap-5654\" class=\"ult-banner-block ult-adjust-bottom-margin ult-bb-box  banner-style01 \"   style=\"\">\n\t<img decoding=\"async\" src=\"https:\/\/www.fetenfeten.net\/wp-content\/uploads\/2025\/06\/feten-cantables-2.jpg\" alt=\"null\">\n\t<div class=\"mask opaque-background\" style=\"background:rgba(0,0,0,0.42);\">\n\t\t<div  data-ultimate-target='#interactive-banner-1-wrap-5654 .bb-description'  data-responsive-json-new='{\"font-size\":\"\",\"line-height\":\"\"}'  class=\"bb-description ult-responsive\" style=\"font-weight:normal;color:#ffffff;\"><\/div>\n\t<\/div><a class=\"bb-link\" href=\"https:\/\/cantables.com\/\" target=\"_blank\" rel=\"noopener\" ><\/a>\n<\/div><div class=\"ult-spacer spacer-69f559437811b\" data-id=\"69f559437811b\" data-height=\"1\" data-height-mobile=\"1\" data-height-tab=\"1\" data-height-tab-portrait=\"\" data-height-mobile-landscape=\"\" style=\"clear:both;display:block;\"><\/div>[\/vc_column][\/vc_row][\/vc_section]\n","protected":false},"excerpt":{"rendered":"<p>[vc_row ct_row_stretch=&#8221;stretch_row_content_no_spaces&#8221; equal_height=&#8221;yes&#8221;][vc_column css=&#8221;.vc_custom_1750759227372{background-image: url(http:\/\/www.prodesin.net\/~fetenfeten\/wp-content\/uploads\/2025\/06\/cabsecc.png?id=9262) !important;background-position: center !important;background-repeat: no-repeat !important;background-size: cover !important;}&#8221;][\/vc_column][\/vc_row][vc_section ct_section_stretch=&#8221;stretch_section_content_no_spaces&#8221; ct_bg_color=&#8221;#fcf7ee&#8221;][vc_row ct_row_stretch=&#8221;&#8221;][vc_column][vc_column_text]Fet\u00e9n Fet\u00e9n offers several possibilities for staging, ranging from its duo format \u201cPopular Music With Unusual &#8230;<\/p>\n","protected":false},"author":1,"featured_media":0,"parent":0,"menu_order":0,"comment_status":"closed","ping_status":"closed","template":"","meta":{"footnotes":""},"class_list":["post-10243","page","type-page","status-publish","hentry"],"yoast_head":"<!-- This site is optimized with the Yoast SEO plugin v25.4 - https:\/\/yoast.com\/wordpress\/plugins\/seo\/ -->\n<title>Fet\u00e9n Fet\u00e9n - Projects<\/title>\n<meta name=\"description\" content=\"Discover Fet\u00e9n Fet\u00e9n\u2019s special projects: musical initiatives, cultural events and collaborations expanding popular music.\" \/>\n<meta name=\"robots\" content=\"index, follow, max-snippet:-1, max-image-preview:large, max-video-preview:-1\" \/>\n<link rel=\"canonical\" href=\"https:\/\/www.fetenfeten.net\/en\/feten-feten-projects-music-culture-and-collaborations\/\" \/>\n<meta property=\"og:locale\" content=\"en_US\" \/>\n<meta property=\"og:type\" content=\"article\" \/>\n<meta property=\"og:title\" content=\"Fet\u00e9n Fet\u00e9n - Projects\" \/>\n<meta property=\"og:description\" content=\"Discover Fet\u00e9n Fet\u00e9n\u2019s special projects: musical initiatives, cultural events and collaborations expanding popular music.\" \/>\n<meta property=\"og:url\" content=\"https:\/\/www.fetenfeten.net\/en\/feten-feten-projects-music-culture-and-collaborations\/\" \/>\n<meta property=\"og:site_name\" content=\"Fet\u00e9n Fet\u00e9n\" \/>\n<meta property=\"article:publisher\" content=\"https:\/\/www.facebook.com\/duofeten\/\" \/>\n<meta property=\"article:modified_time\" content=\"2026-02-18T13:24:00+00:00\" \/>\n<meta name=\"twitter:card\" content=\"summary_large_image\" \/>\n<meta name=\"twitter:label1\" content=\"Est. reading time\" \/>\n\t<meta name=\"twitter:data1\" content=\"1 minute\" \/>\n<script type=\"application\/ld+json\" class=\"yoast-schema-graph\">{\"@context\":\"https:\/\/schema.org\",\"@graph\":[{\"@type\":\"WebPage\",\"@id\":\"https:\/\/www.fetenfeten.net\/en\/feten-feten-projects-music-culture-and-collaborations\/\",\"url\":\"https:\/\/www.fetenfeten.net\/en\/feten-feten-projects-music-culture-and-collaborations\/\",\"name\":\"Fet\u00e9n Fet\u00e9n - Projects\",\"isPartOf\":{\"@id\":\"https:\/\/www.fetenfeten.net\/en\/#website\"},\"datePublished\":\"2025-06-26T08:30:27+00:00\",\"dateModified\":\"2026-02-18T13:24:00+00:00\",\"description\":\"Discover Fet\u00e9n Fet\u00e9n\u2019s special projects: musical initiatives, cultural events and collaborations expanding popular music.\",\"breadcrumb\":{\"@id\":\"https:\/\/www.fetenfeten.net\/en\/feten-feten-projects-music-culture-and-collaborations\/#breadcrumb\"},\"inLanguage\":\"en-US\",\"potentialAction\":[{\"@type\":\"ReadAction\",\"target\":[\"https:\/\/www.fetenfeten.net\/en\/feten-feten-projects-music-culture-and-collaborations\/\"]}]},{\"@type\":\"BreadcrumbList\",\"@id\":\"https:\/\/www.fetenfeten.net\/en\/feten-feten-projects-music-culture-and-collaborations\/#breadcrumb\",\"itemListElement\":[{\"@type\":\"ListItem\",\"position\":1,\"name\":\"Portada\",\"item\":\"https:\/\/www.fetenfeten.net\/en\/\"},{\"@type\":\"ListItem\",\"position\":2,\"name\":\"Projects\"}]},{\"@type\":\"WebSite\",\"@id\":\"https:\/\/www.fetenfeten.net\/en\/#website\",\"url\":\"https:\/\/www.fetenfeten.net\/en\/\",\"name\":\"Fet\u00e9n Fet\u00e9n\",\"description\":\"\",\"publisher\":{\"@id\":\"https:\/\/www.fetenfeten.net\/en\/#organization\"},\"potentialAction\":[{\"@type\":\"SearchAction\",\"target\":{\"@type\":\"EntryPoint\",\"urlTemplate\":\"https:\/\/www.fetenfeten.net\/en\/?s={search_term_string}\"},\"query-input\":{\"@type\":\"PropertyValueSpecification\",\"valueRequired\":true,\"valueName\":\"search_term_string\"}}],\"inLanguage\":\"en-US\"},{\"@type\":\"Organization\",\"@id\":\"https:\/\/www.fetenfeten.net\/en\/#organization\",\"name\":\"Fet\u00e9n Fet\u00e9n\",\"url\":\"https:\/\/www.fetenfeten.net\/en\/\",\"logo\":{\"@type\":\"ImageObject\",\"inLanguage\":\"en-US\",\"@id\":\"https:\/\/www.fetenfeten.net\/en\/#\/schema\/logo\/image\/\",\"url\":\"https:\/\/www.fetenfeten.net\/wp-content\/uploads\/2025\/06\/nodisponible.png\",\"contentUrl\":\"https:\/\/www.fetenfeten.net\/wp-content\/uploads\/2025\/06\/nodisponible.png\",\"width\":500,\"height\":500,\"caption\":\"Fet\u00e9n Fet\u00e9n\"},\"image\":{\"@id\":\"https:\/\/www.fetenfeten.net\/en\/#\/schema\/logo\/image\/\"},\"sameAs\":[\"https:\/\/www.facebook.com\/duofeten\/\",\"https:\/\/www.instagram.com\/duofeten\/\"]}]}<\/script>\n<!-- \/ Yoast SEO plugin. -->","yoast_head_json":{"title":"Fet\u00e9n Fet\u00e9n - Projects","description":"Discover Fet\u00e9n Fet\u00e9n\u2019s special projects: musical initiatives, cultural events and collaborations expanding popular music.","robots":{"index":"index","follow":"follow","max-snippet":"max-snippet:-1","max-image-preview":"max-image-preview:large","max-video-preview":"max-video-preview:-1"},"canonical":"https:\/\/www.fetenfeten.net\/en\/feten-feten-projects-music-culture-and-collaborations\/","og_locale":"en_US","og_type":"article","og_title":"Fet\u00e9n Fet\u00e9n - Projects","og_description":"Discover Fet\u00e9n Fet\u00e9n\u2019s special projects: musical initiatives, cultural events and collaborations expanding popular music.","og_url":"https:\/\/www.fetenfeten.net\/en\/feten-feten-projects-music-culture-and-collaborations\/","og_site_name":"Fet\u00e9n Fet\u00e9n","article_publisher":"https:\/\/www.facebook.com\/duofeten\/","article_modified_time":"2026-02-18T13:24:00+00:00","twitter_card":"summary_large_image","twitter_misc":{"Est. reading time":"1 minute"},"schema":{"@context":"https:\/\/schema.org","@graph":[{"@type":"WebPage","@id":"https:\/\/www.fetenfeten.net\/en\/feten-feten-projects-music-culture-and-collaborations\/","url":"https:\/\/www.fetenfeten.net\/en\/feten-feten-projects-music-culture-and-collaborations\/","name":"Fet\u00e9n Fet\u00e9n - Projects","isPartOf":{"@id":"https:\/\/www.fetenfeten.net\/en\/#website"},"datePublished":"2025-06-26T08:30:27+00:00","dateModified":"2026-02-18T13:24:00+00:00","description":"Discover Fet\u00e9n Fet\u00e9n\u2019s special projects: musical initiatives, cultural events and collaborations expanding popular music.","breadcrumb":{"@id":"https:\/\/www.fetenfeten.net\/en\/feten-feten-projects-music-culture-and-collaborations\/#breadcrumb"},"inLanguage":"en-US","potentialAction":[{"@type":"ReadAction","target":["https:\/\/www.fetenfeten.net\/en\/feten-feten-projects-music-culture-and-collaborations\/"]}]},{"@type":"BreadcrumbList","@id":"https:\/\/www.fetenfeten.net\/en\/feten-feten-projects-music-culture-and-collaborations\/#breadcrumb","itemListElement":[{"@type":"ListItem","position":1,"name":"Portada","item":"https:\/\/www.fetenfeten.net\/en\/"},{"@type":"ListItem","position":2,"name":"Projects"}]},{"@type":"WebSite","@id":"https:\/\/www.fetenfeten.net\/en\/#website","url":"https:\/\/www.fetenfeten.net\/en\/","name":"Fet\u00e9n Fet\u00e9n","description":"","publisher":{"@id":"https:\/\/www.fetenfeten.net\/en\/#organization"},"potentialAction":[{"@type":"SearchAction","target":{"@type":"EntryPoint","urlTemplate":"https:\/\/www.fetenfeten.net\/en\/?s={search_term_string}"},"query-input":{"@type":"PropertyValueSpecification","valueRequired":true,"valueName":"search_term_string"}}],"inLanguage":"en-US"},{"@type":"Organization","@id":"https:\/\/www.fetenfeten.net\/en\/#organization","name":"Fet\u00e9n Fet\u00e9n","url":"https:\/\/www.fetenfeten.net\/en\/","logo":{"@type":"ImageObject","inLanguage":"en-US","@id":"https:\/\/www.fetenfeten.net\/en\/#\/schema\/logo\/image\/","url":"https:\/\/www.fetenfeten.net\/wp-content\/uploads\/2025\/06\/nodisponible.png","contentUrl":"https:\/\/www.fetenfeten.net\/wp-content\/uploads\/2025\/06\/nodisponible.png","width":500,"height":500,"caption":"Fet\u00e9n Fet\u00e9n"},"image":{"@id":"https:\/\/www.fetenfeten.net\/en\/#\/schema\/logo\/image\/"},"sameAs":["https:\/\/www.facebook.com\/duofeten\/","https:\/\/www.instagram.com\/duofeten\/"]}]}},"_links":{"self":[{"href":"https:\/\/www.fetenfeten.net\/en\/wp-json\/wp\/v2\/pages\/10243","targetHints":{"allow":["GET"]}}],"collection":[{"href":"https:\/\/www.fetenfeten.net\/en\/wp-json\/wp\/v2\/pages"}],"about":[{"href":"https:\/\/www.fetenfeten.net\/en\/wp-json\/wp\/v2\/types\/page"}],"author":[{"embeddable":true,"href":"https:\/\/www.fetenfeten.net\/en\/wp-json\/wp\/v2\/users\/1"}],"replies":[{"embeddable":true,"href":"https:\/\/www.fetenfeten.net\/en\/wp-json\/wp\/v2\/comments?post=10243"}],"version-history":[{"count":9,"href":"https:\/\/www.fetenfeten.net\/en\/wp-json\/wp\/v2\/pages\/10243\/revisions"}],"predecessor-version":[{"id":11187,"href":"https:\/\/www.fetenfeten.net\/en\/wp-json\/wp\/v2\/pages\/10243\/revisions\/11187"}],"wp:attachment":[{"href":"https:\/\/www.fetenfeten.net\/en\/wp-json\/wp\/v2\/media?parent=10243"}],"curies":[{"name":"wp","href":"https:\/\/api.w.org\/{rel}","templated":true}]}}