{"id":10393,"date":"2025-07-02T10:49:22","date_gmt":"2025-07-02T08:49:22","guid":{"rendered":"https:\/\/www.fetenfeten.net\/aviso-legal-y-politica-de-privacidad\/"},"modified":"2025-10-01T08:28:50","modified_gmt":"2025-10-01T06:28:50","slug":"aviso-legal-y-politica-de-privacidad","status":"publish","type":"page","link":"https:\/\/www.fetenfeten.net\/en\/aviso-legal-y-politica-de-privacidad\/","title":{"rendered":"Aviso legal y pol\u00edtica de privacidad"},"content":{"rendered":"[vc_row ct_row_stretch=&#8221;stretch_row_content_no_spaces&#8221; equal_height=&#8221;yes&#8221;][vc_column css=&#8221;.vc_custom_1750759227372{background-image: url(http:\/\/www.prodesin.net\/~fetenfeten\/wp-content\/uploads\/2025\/06\/cabsecc.png?id=9262) !important;background-position: center !important;background-repeat: no-repeat !important;background-size: cover !important;}&#8221;]<div class=\"ult-spacer spacer-69efa6094007d\" data-id=\"69efa6094007d\" data-height=\"140\" data-height-mobile=\"140\" data-height-tab=\"140\" data-height-tab-portrait=\"\" data-height-mobile-landscape=\"\" style=\"clear:both;display:block;\"><\/div><div id=\"ultimate-heading-681069efa609400e3\" class=\"uvc-heading ult-adjust-bottom-margin ultimate-heading-681069efa609400e3 uvc-9629 \" data-hspacer=\"no_spacer\"  data-halign=\"center\" style=\"text-align:center\"><div class=\"uvc-heading-spacer no_spacer\" style=\"top\"><\/div><div class=\"uvc-main-heading ult-responsive\"  data-ultimate-target='.uvc-heading.ultimate-heading-681069efa609400e3 h3'  data-responsive-json-new='{\"font-size\":\"desktop:30px;\",\"line-height\":\"desktop:25px;\"}' ><h3 style=\"font-weight:bold;color:#f9f0dd;margin-bottom:16px;\">LEGAL NOTICE - PRIVACY POLICY<\/h3><\/div><\/div><div class=\"ult-spacer spacer-69efa60940124\" data-id=\"69efa60940124\" data-height=\"125\" data-height-mobile=\"125\" data-height-tab=\"125\" data-height-tab-portrait=\"\" data-height-mobile-landscape=\"\" style=\"clear:both;display:block;\"><\/div>[\/vc_column][\/vc_row][vc_row ct_row_stretch=&#8221;&#8221;][vc_column]<div class=\"ult-spacer spacer-69efa6094014c\" data-id=\"69efa6094014c\" data-height=\"125\" data-height-mobile=\"125\" data-height-tab=\"125\" data-height-tab-portrait=\"\" data-height-mobile-landscape=\"\" style=\"clear:both;display:block;\"><\/div>[\/vc_column][\/vc_row][vc_row ct_row_stretch=&#8221;&#8221;][vc_column][vc_column_text]Nos comprometemos a proteger y respetar su privacidad y estas son las bases seg\u00fan las cuales trataremos cualquier dato personal que usted nos proporcione. En virtud del cumplimiento de la Ley 34\/2002, de 11 de Julio, de Servicios de Sociedad de la Informaci\u00f3n y Comercio Electr\u00f3nico (en adelante LSSICE), le informamos que el titular de la presente p\u00e1gina web es <strong>Jorge Arribas Pic\u00f3n<\/strong>, cuyos datos identificativos son los siguientes:<\/p>\n<ul>\n<li>C\/ Plut\u00f3n, 8 bajo<\/li>\n<li>47009 Valladolid (Espa\u00f1a)<\/li>\n<li>C.I.F.: J45571442R<\/li>\n<li>Correo electr\u00f3nico: duofeten@gmail.com<\/li>\n<\/ul>\n<h2>Condiciones de uso de la p\u00e1gina web<\/h2>\n<h3>Generalidades<\/h3>\n<p><strong>Jorge Arribas Pic\u00f3n<\/strong> (en adelante <strong>Fet\u00e9n Fet\u00e9n<\/strong>) pone a disposici\u00f3n de los usuarios de Internet de manera gratuita la P\u00e1gina Web https:\/\/www.fetenfeten.net (en adelante la <strong>P\u00e1gina Web<\/strong>) a trav\u00e9s de la cu\u00e1l proporciona informaci\u00f3n acerca de sus productos y servicios y ofrece la posibilidad de su contrataci\u00f3n.<\/p>\n<p>El acceso a la P\u00e1gina Web implica la aceptaci\u00f3n de las presentes Condiciones de Uso, que podr\u00e1n ser modificadas o sustituidas por su titular en cualquier momento mediante la publicaci\u00f3n de dichas modificaciones en la P\u00e1gina Web. Por ello, Fet\u00e9n Fet\u00e9n recomienda al usuario leerlas atentamente cada vez que acceda a la P\u00e1gina Web. Estas condiciones estar\u00e1n siempre en un sitio visible y f\u00e1cilmente accesible para cuantas consultas quiera realizar. En cualquier caso, la aceptaci\u00f3n de las Condiciones de Uso ser\u00e1 un paso previo e indispensable a la adquisici\u00f3n de cualquier producto disponible a trav\u00e9s de la P\u00e1gina Web. El usuario se compromete a utilizar el presente sitio web y sus servicios y contenidos sin infringir la legislaci\u00f3n vigente, la buena fe y el orden p\u00fablico.<\/p>\n<p>Se autoriza la visualizaci\u00f3n, impresi\u00f3n y descarga parcial del contenido de la p\u00e1gina web, s\u00f3lo y exclusivamente si concurren las siguientes condiciones:<\/p>\n<ul>\n<li>Que sea compatible con los fines de la p\u00e1gina web, sin que de cualquier forma se puede da\u00f1ar, inutilizar, sobrecargar o deteriorar el presente sitio web.<\/li>\n<li>Que se realice con el exclusivo \u00e1nimo de obtener la informaci\u00f3n contenida para uso personal y privado. Se proh\u00edbe expresamente su utilizaci\u00f3n con fines comerciales o para su distribuci\u00f3n, comunicaci\u00f3n p\u00fablica y transformaci\u00f3n.<\/li>\n<li>Que ninguno de los contenidos relacionados en la p\u00e1gina web sean modificados de manera alguna.<\/li>\n<li>Que ning\u00fan gr\u00e1fico o imagen disponible en la p\u00e1gina web sea utilizado, copiado o distribuido sin la previa y expresa autorizaci\u00f3n de <strong>Fet\u00e9n Fet\u00e9n<\/strong>.<\/li>\n<\/ul>\n<h3>Limitaci\u00f3n de la responsabilidad<\/h3>\n<p>La P\u00e1gina Web no garantiza la inexistencia de interrupciones o errores en el acceso a la p\u00e1gina web o a su contenido, ni que \u00e9sta se encuentre actualizada, ya que la informaci\u00f3n deber ser considerada como divulgativa y orientadora.<\/p>\n<p>La P\u00e1gina Web llevar\u00e1 a cabo, siempre que no concurran causas que lo hagan imposible o de dif\u00edcil ejecuci\u00f3n, y tan pronto tenga noticia de los errores, desconexiones o falta de actualizaci\u00f3n en los contenidos, todas a aquellas labores tendentes a subsanar los errores, restablecer la comunicaci\u00f3n y actualizar los contenidos.<\/p>\n<p>Tanto el acceso a la P\u00e1gina Web como el uso indebido que pueda efectuarse de la informaci\u00f3n contenida en la misma es de la exclusiva responsabilidad de quien lo realiza. La P\u00e1gina Web no responder\u00e1 de ninguna consecuencia, da\u00f1o o perjuicio que pudieran derivarse de dicho acceso o uso.<\/p>\n<p>La P\u00e1gina Web no se hace responsable de los errores de seguridad que se puedan producir ni de los da\u00f1os que puedan causarse al sistema inform\u00e1tico del usuario (hardware y software), o a los ficheros o documentos almacenados en el mismo, como consecuencia de:<\/p>\n<ul>\n<li>La presencia de un virus en el ordenador del usuario que sea utilizado para la conexi\u00f3n a los servicios y contenidos de la p\u00e1gina web;<\/li>\n<li>Un mal funcionamiento del navegador;<\/li>\n<li>Del uso de versiones no actualizadas del mismo.<\/li>\n<\/ul>\n<h3>Propiedad Intelectual<\/h3>\n<p>Los contenidos, documentaci\u00f3n, im\u00e1genes, gr\u00e1ficos, logos y dise\u00f1os que forman esta web (en adelante elementos corporativos) son propiedad de <strong>Fet\u00e9n Fet\u00e9n<\/strong> y se encuentran debidamente protegidos de conformidad con la Ley Espa\u00f1ola e Internacional sobre Propiedad Intelectual, por lo que queda expresamente prohibida su reproducci\u00f3n o uso, en cualquiera de sus formas, sin la previa y expresa autorizaci\u00f3n de <strong>Fet\u00e9n Fet\u00e9n<\/strong>.<\/p>\n<p>El acceso a esta P\u00e1gina Web no otorga a los usuarios ning\u00fan derecho, ni titularidad sobre los derechos de propiedad intelectual de los elementos corporativos aparte de los usos permitidos en las condiciones generales.<\/p>\n<h3>Enlaces<\/h3>\n<p>El P\u00e1gina Web no se hace responsable, en su caso, del contenido de otros sitios web vinculados o accesibles desde este sitio web a trav\u00e9s de enlaces de hipertexto. La inclusi\u00f3n de v\u00ednculos con otros sitios web no implica la aprobaci\u00f3n de sus contenidos por la P\u00e1gina Web.<\/p>\n<p>La finalidad de estos enlaces es impulsar el acceso a otras fuentes de informaci\u00f3n en internet, realizando estas acciones sin \u00e1nimo de lucro.<\/p>\n<p>En el caso de que cualquier usuario, cliente o un tercero, considerara que el contenido o los servicios prestados por las p\u00e1ginas enlazadas son il\u00edcitos o lesionan bienes o derechos del propio usuario, de un cliente o de un tercero susceptibles de indemnizaci\u00f3n, y, en particular, los que lesionen los principios que se enumeran a continuaci\u00f3n:<\/p>\n<ul>\n<li>La salvaguarda del orden p\u00fablico, la investigaci\u00f3n penal, la seguridad p\u00fablica y la defensa nacional.<\/li>\n<li>La protecci\u00f3n de la salud p\u00fablica o de las personas f\u00edsicas o jur\u00eddicas que tengan la condici\u00f3n de consumidores y usuarios, incluso cuando act\u00faen como inversores.<\/li>\n<li>El respeto a la dignidad de la persona y el principio de no discriminaci\u00f3n por motivos de raza, sexo, religi\u00f3n, opini\u00f3n, nacionalidad, discapacidad o cualquier otra circunstancia personal o social.<\/li>\n<li>La protecci\u00f3n de la juventud y la infancia.<\/li>\n<\/ul>\n<p>podr\u00e1 ponerlo en conocimiento del P\u00e1gina Web no obstante, la recepci\u00f3n por esta de dicha comunicaci\u00f3n no supondr\u00e1 conocimiento a los efectos de la responsabilidad prevista en el art\u00edculo 17 de la LSSICE.<\/p>\n<h2>Cl\u00e1usulas del formulario de contacto<\/h2>\n<p>Los datos de car\u00e1cter personal que usted nos facilita a trav\u00e9s de nuestro formulario de contacto \u201cContacto\u201d quedar\u00e1n registrados y se incorporar\u00e1n al fichero \u201cAdministraci\u00f3n y Gesti\u00f3n Interna\u201d.<\/p>\n<h3>\u00bfCu\u00e1l es la finalidad con la que se tratan los datos personales?<\/h3>\n<p>El objeto del tratamiento de su datos personales es gestionar las peticiones formuladas a trav\u00e9s del formulario. Asimismo, le informamos que los datos personales de los usuarios no ser\u00e1n comunicados a terceros, aparte de los supuestos previstos en la legislaci\u00f3n vigente.<\/p>\n<p>El hecho que Ud. env\u00ede sus datos de car\u00e1cter personal implicar\u00e1 su consentimiento para su incorporaci\u00f3n a dicho fichero y su posterior tratamiento de acuerdo con las finalidades anteriormente descritas.<\/p>\n<h3>\u00bfC\u00f3mo puedo ejercitar mis derechos en materia de Protecci\u00f3n de Datos Personales?<\/h3>\n<p>El usuario podr\u00e1 ejercer su derecho de acceso, rectificaci\u00f3n, cancelaci\u00f3n y oposici\u00f3n ante <strong>Fet\u00e9n Fet\u00e9n<\/strong> en la direcci\u00f3n de correo electr\u00f3nico duofeten@gmail.com especificando \u201cRef: Protecci\u00f3n de Datos\u201d.<\/p>\n<h3>\u00bfC\u00f3mo protege Fet\u00e9n Fet\u00e9n su informaci\u00f3n personal?<\/h3>\n<p><strong>Fet\u00e9n Fet\u00e9n<\/strong> garantiza la confidencialidad y seguridad de sus datos de car\u00e1cter personal cuando \u00e9stos son objeto de tratamiento, en la medida que tienen implantadas las pol\u00edticas y medidas de \u00edndole t\u00e9cnico y organizativo necesarias para el tratamiento de datos personales, tal y como establece el Reglamento General de Protecci\u00f3n de Datos de Abril 2016 (RGPD). Estas medidas y pol\u00edticas evitan la alteraci\u00f3n, p\u00e9rdida, tratamiento o uso no autorizado de sus datos de car\u00e1cter personal.<\/p>\n<h2>\u200bCambios en la actual Pol\u00edtica de Privacidad<\/h2>\n<p><strong>Fet\u00e9n Fet\u00e9n<\/strong> se reserva la facultad de modificar la presente Pol\u00edtica de Privacidad para adaptarla a las novedades legislativas, jurisprudenciales o de interpretaci\u00f3n de la Agencia Espa\u00f1ola de Protecci\u00f3n de Datos. En este caso, <strong>Fet\u00e9n Fet\u00e9n<\/strong> anunciar\u00e1 dichos cambios, indicando claramente y con la debida antelaci\u00f3n las modificaciones efectuadas, y solicit\u00e1ndole, en caso de que sea necesario, la aceptaci\u00f3n de dichos cambios.[\/vc_column_text][\/vc_column][\/vc_row][vc_row ct_row_stretch=&#8221;&#8221;][vc_column]<div class=\"ult-spacer spacer-69efa6094016c\" data-id=\"69efa6094016c\" data-height=\"125\" data-height-mobile=\"125\" data-height-tab=\"125\" data-height-tab-portrait=\"\" data-height-mobile-landscape=\"\" style=\"clear:both;display:block;\"><\/div>[\/vc_column][\/vc_row]\n","protected":false},"excerpt":{"rendered":"<p>[vc_row ct_row_stretch=&#8221;stretch_row_content_no_spaces&#8221; equal_height=&#8221;yes&#8221;][vc_column css=&#8221;.vc_custom_1750759227372{background-image: url(http:\/\/www.prodesin.net\/~fetenfeten\/wp-content\/uploads\/2025\/06\/cabsecc.png?id=9262) !important;background-position: center !important;background-repeat: no-repeat !important;background-size: cover !important;}&#8221;][\/vc_column][\/vc_row][vc_row ct_row_stretch=&#8221;&#8221;][vc_column][\/vc_column][\/vc_row][vc_row ct_row_stretch=&#8221;&#8221;][vc_column][vc_column_text]Nos comprometemos a proteger y respetar su privacidad y estas son las bases seg\u00fan las cuales trataremos &#8230;<\/p>\n","protected":false},"author":1,"featured_media":0,"parent":0,"menu_order":0,"comment_status":"closed","ping_status":"closed","template":"","meta":{"footnotes":""},"class_list":["post-10393","page","type-page","status-publish","hentry"],"yoast_head":"<!-- This site is optimized with the Yoast SEO plugin v25.4 - https:\/\/yoast.com\/wordpress\/plugins\/seo\/ -->\n<title>Fet\u00e9n Fet\u00e9n - Legal notice and privacy policy<\/title>\n<meta name=\"description\" content=\"Read Fet\u00e9n Fet\u00e9n\u2019s legal notice &amp; privacy policy with terms of use, conditions and applicable rights for this website.\" \/>\n<meta name=\"robots\" content=\"index, follow, max-snippet:-1, max-image-preview:large, max-video-preview:-1\" \/>\n<link rel=\"canonical\" href=\"https:\/\/www.fetenfeten.net\/en\/aviso-legal-y-politica-de-privacidad\/\" \/>\n<meta property=\"og:locale\" content=\"en_US\" \/>\n<meta property=\"og:type\" content=\"article\" \/>\n<meta property=\"og:title\" content=\"Fet\u00e9n Fet\u00e9n - Legal notice and privacy policy\" \/>\n<meta property=\"og:description\" content=\"Read Fet\u00e9n Fet\u00e9n\u2019s legal notice &amp; privacy policy with terms of use, conditions and applicable rights for this website.\" \/>\n<meta property=\"og:url\" content=\"https:\/\/www.fetenfeten.net\/en\/aviso-legal-y-politica-de-privacidad\/\" \/>\n<meta property=\"og:site_name\" content=\"Fet\u00e9n Fet\u00e9n\" \/>\n<meta property=\"article:publisher\" content=\"https:\/\/www.facebook.com\/duofeten\/\" \/>\n<meta property=\"article:modified_time\" content=\"2025-10-01T06:28:50+00:00\" \/>\n<meta name=\"twitter:card\" content=\"summary_large_image\" \/>\n<meta name=\"twitter:label1\" content=\"Est. reading time\" \/>\n\t<meta name=\"twitter:data1\" content=\"6 minutes\" \/>\n<script type=\"application\/ld+json\" class=\"yoast-schema-graph\">{\"@context\":\"https:\/\/schema.org\",\"@graph\":[{\"@type\":\"WebPage\",\"@id\":\"https:\/\/www.fetenfeten.net\/en\/aviso-legal-y-politica-de-privacidad\/\",\"url\":\"https:\/\/www.fetenfeten.net\/en\/aviso-legal-y-politica-de-privacidad\/\",\"name\":\"Fet\u00e9n Fet\u00e9n - Legal notice and privacy policy\",\"isPartOf\":{\"@id\":\"https:\/\/www.fetenfeten.net\/en\/#website\"},\"datePublished\":\"2025-07-02T08:49:22+00:00\",\"dateModified\":\"2025-10-01T06:28:50+00:00\",\"description\":\"Read Fet\u00e9n Fet\u00e9n\u2019s legal notice & privacy policy with terms of use, conditions and applicable rights for this website.\",\"breadcrumb\":{\"@id\":\"https:\/\/www.fetenfeten.net\/en\/aviso-legal-y-politica-de-privacidad\/#breadcrumb\"},\"inLanguage\":\"en-US\",\"potentialAction\":[{\"@type\":\"ReadAction\",\"target\":[\"https:\/\/www.fetenfeten.net\/en\/aviso-legal-y-politica-de-privacidad\/\"]}]},{\"@type\":\"BreadcrumbList\",\"@id\":\"https:\/\/www.fetenfeten.net\/en\/aviso-legal-y-politica-de-privacidad\/#breadcrumb\",\"itemListElement\":[{\"@type\":\"ListItem\",\"position\":1,\"name\":\"Portada\",\"item\":\"https:\/\/www.fetenfeten.net\/en\/\"},{\"@type\":\"ListItem\",\"position\":2,\"name\":\"Aviso legal y pol\u00edtica de privacidad\"}]},{\"@type\":\"WebSite\",\"@id\":\"https:\/\/www.fetenfeten.net\/en\/#website\",\"url\":\"https:\/\/www.fetenfeten.net\/en\/\",\"name\":\"Fet\u00e9n Fet\u00e9n\",\"description\":\"\",\"publisher\":{\"@id\":\"https:\/\/www.fetenfeten.net\/en\/#organization\"},\"potentialAction\":[{\"@type\":\"SearchAction\",\"target\":{\"@type\":\"EntryPoint\",\"urlTemplate\":\"https:\/\/www.fetenfeten.net\/en\/?s={search_term_string}\"},\"query-input\":{\"@type\":\"PropertyValueSpecification\",\"valueRequired\":true,\"valueName\":\"search_term_string\"}}],\"inLanguage\":\"en-US\"},{\"@type\":\"Organization\",\"@id\":\"https:\/\/www.fetenfeten.net\/en\/#organization\",\"name\":\"Fet\u00e9n Fet\u00e9n\",\"url\":\"https:\/\/www.fetenfeten.net\/en\/\",\"logo\":{\"@type\":\"ImageObject\",\"inLanguage\":\"en-US\",\"@id\":\"https:\/\/www.fetenfeten.net\/en\/#\/schema\/logo\/image\/\",\"url\":\"https:\/\/www.fetenfeten.net\/wp-content\/uploads\/2025\/06\/nodisponible.png\",\"contentUrl\":\"https:\/\/www.fetenfeten.net\/wp-content\/uploads\/2025\/06\/nodisponible.png\",\"width\":500,\"height\":500,\"caption\":\"Fet\u00e9n Fet\u00e9n\"},\"image\":{\"@id\":\"https:\/\/www.fetenfeten.net\/en\/#\/schema\/logo\/image\/\"},\"sameAs\":[\"https:\/\/www.facebook.com\/duofeten\/\",\"https:\/\/www.instagram.com\/duofeten\/\"]}]}<\/script>\n<!-- \/ Yoast SEO plugin. -->","yoast_head_json":{"title":"Fet\u00e9n Fet\u00e9n - Legal notice and privacy policy","description":"Read Fet\u00e9n Fet\u00e9n\u2019s legal notice & privacy policy with terms of use, conditions and applicable rights for this website.","robots":{"index":"index","follow":"follow","max-snippet":"max-snippet:-1","max-image-preview":"max-image-preview:large","max-video-preview":"max-video-preview:-1"},"canonical":"https:\/\/www.fetenfeten.net\/en\/aviso-legal-y-politica-de-privacidad\/","og_locale":"en_US","og_type":"article","og_title":"Fet\u00e9n Fet\u00e9n - Legal notice and privacy policy","og_description":"Read Fet\u00e9n Fet\u00e9n\u2019s legal notice & privacy policy with terms of use, conditions and applicable rights for this website.","og_url":"https:\/\/www.fetenfeten.net\/en\/aviso-legal-y-politica-de-privacidad\/","og_site_name":"Fet\u00e9n Fet\u00e9n","article_publisher":"https:\/\/www.facebook.com\/duofeten\/","article_modified_time":"2025-10-01T06:28:50+00:00","twitter_card":"summary_large_image","twitter_misc":{"Est. reading time":"6 minutes"},"schema":{"@context":"https:\/\/schema.org","@graph":[{"@type":"WebPage","@id":"https:\/\/www.fetenfeten.net\/en\/aviso-legal-y-politica-de-privacidad\/","url":"https:\/\/www.fetenfeten.net\/en\/aviso-legal-y-politica-de-privacidad\/","name":"Fet\u00e9n Fet\u00e9n - Legal notice and privacy policy","isPartOf":{"@id":"https:\/\/www.fetenfeten.net\/en\/#website"},"datePublished":"2025-07-02T08:49:22+00:00","dateModified":"2025-10-01T06:28:50+00:00","description":"Read Fet\u00e9n Fet\u00e9n\u2019s legal notice & privacy policy with terms of use, conditions and applicable rights for this website.","breadcrumb":{"@id":"https:\/\/www.fetenfeten.net\/en\/aviso-legal-y-politica-de-privacidad\/#breadcrumb"},"inLanguage":"en-US","potentialAction":[{"@type":"ReadAction","target":["https:\/\/www.fetenfeten.net\/en\/aviso-legal-y-politica-de-privacidad\/"]}]},{"@type":"BreadcrumbList","@id":"https:\/\/www.fetenfeten.net\/en\/aviso-legal-y-politica-de-privacidad\/#breadcrumb","itemListElement":[{"@type":"ListItem","position":1,"name":"Portada","item":"https:\/\/www.fetenfeten.net\/en\/"},{"@type":"ListItem","position":2,"name":"Aviso legal y pol\u00edtica de privacidad"}]},{"@type":"WebSite","@id":"https:\/\/www.fetenfeten.net\/en\/#website","url":"https:\/\/www.fetenfeten.net\/en\/","name":"Fet\u00e9n Fet\u00e9n","description":"","publisher":{"@id":"https:\/\/www.fetenfeten.net\/en\/#organization"},"potentialAction":[{"@type":"SearchAction","target":{"@type":"EntryPoint","urlTemplate":"https:\/\/www.fetenfeten.net\/en\/?s={search_term_string}"},"query-input":{"@type":"PropertyValueSpecification","valueRequired":true,"valueName":"search_term_string"}}],"inLanguage":"en-US"},{"@type":"Organization","@id":"https:\/\/www.fetenfeten.net\/en\/#organization","name":"Fet\u00e9n Fet\u00e9n","url":"https:\/\/www.fetenfeten.net\/en\/","logo":{"@type":"ImageObject","inLanguage":"en-US","@id":"https:\/\/www.fetenfeten.net\/en\/#\/schema\/logo\/image\/","url":"https:\/\/www.fetenfeten.net\/wp-content\/uploads\/2025\/06\/nodisponible.png","contentUrl":"https:\/\/www.fetenfeten.net\/wp-content\/uploads\/2025\/06\/nodisponible.png","width":500,"height":500,"caption":"Fet\u00e9n Fet\u00e9n"},"image":{"@id":"https:\/\/www.fetenfeten.net\/en\/#\/schema\/logo\/image\/"},"sameAs":["https:\/\/www.facebook.com\/duofeten\/","https:\/\/www.instagram.com\/duofeten\/"]}]}},"_links":{"self":[{"href":"https:\/\/www.fetenfeten.net\/en\/wp-json\/wp\/v2\/pages\/10393","targetHints":{"allow":["GET"]}}],"collection":[{"href":"https:\/\/www.fetenfeten.net\/en\/wp-json\/wp\/v2\/pages"}],"about":[{"href":"https:\/\/www.fetenfeten.net\/en\/wp-json\/wp\/v2\/types\/page"}],"author":[{"embeddable":true,"href":"https:\/\/www.fetenfeten.net\/en\/wp-json\/wp\/v2\/users\/1"}],"replies":[{"embeddable":true,"href":"https:\/\/www.fetenfeten.net\/en\/wp-json\/wp\/v2\/comments?post=10393"}],"version-history":[{"count":3,"href":"https:\/\/www.fetenfeten.net\/en\/wp-json\/wp\/v2\/pages\/10393\/revisions"}],"predecessor-version":[{"id":10720,"href":"https:\/\/www.fetenfeten.net\/en\/wp-json\/wp\/v2\/pages\/10393\/revisions\/10720"}],"wp:attachment":[{"href":"https:\/\/www.fetenfeten.net\/en\/wp-json\/wp\/v2\/media?parent=10393"}],"curies":[{"name":"wp","href":"https:\/\/api.w.org\/{rel}","templated":true}]}}