{"id":10397,"date":"2025-07-02T10:50:29","date_gmt":"2025-07-02T08:50:29","guid":{"rendered":"https:\/\/www.fetenfeten.net\/politica-de-cookies\/"},"modified":"2025-10-01T08:40:31","modified_gmt":"2025-10-01T06:40:31","slug":"cookies-policy-feten-feten","status":"publish","type":"page","link":"https:\/\/www.fetenfeten.net\/en\/cookies-policy-feten-feten\/","title":{"rendered":"Pol\u00edtica de cookies"},"content":{"rendered":"[vc_row ct_row_stretch=&#8221;stretch_row_content_no_spaces&#8221; equal_height=&#8221;yes&#8221;][vc_column css=&#8221;.vc_custom_1750759227372{background-image: url(http:\/\/www.prodesin.net\/~fetenfeten\/wp-content\/uploads\/2025\/06\/cabsecc.png?id=9262) !important;background-position: center !important;background-repeat: no-repeat !important;background-size: cover !important;}&#8221;]<div class=\"ult-spacer spacer-69e19ff0e9652\" data-id=\"69e19ff0e9652\" data-height=\"140\" data-height-mobile=\"140\" data-height-tab=\"140\" data-height-tab-portrait=\"\" data-height-mobile-landscape=\"\" style=\"clear:both;display:block;\"><\/div><div id=\"ultimate-heading-38769e19ff0e96a2\" class=\"uvc-heading ult-adjust-bottom-margin ultimate-heading-38769e19ff0e96a2 uvc-6363 \" data-hspacer=\"no_spacer\"  data-halign=\"center\" style=\"text-align:center\"><div class=\"uvc-heading-spacer no_spacer\" style=\"top\"><\/div><div class=\"uvc-main-heading ult-responsive\"  data-ultimate-target='.uvc-heading.ultimate-heading-38769e19ff0e96a2 h3'  data-responsive-json-new='{\"font-size\":\"desktop:30px;\",\"line-height\":\"desktop:25px;\"}' ><h3 style=\"font-weight:bold;color:#f9f0dd;margin-bottom:16px;\">COOKIES POLICY<\/h3><\/div><\/div><div class=\"ult-spacer spacer-69e19ff0e96db\" data-id=\"69e19ff0e96db\" data-height=\"125\" data-height-mobile=\"125\" data-height-tab=\"125\" data-height-tab-portrait=\"\" data-height-mobile-landscape=\"\" style=\"clear:both;display:block;\"><\/div>[\/vc_column][\/vc_row][vc_row ct_row_stretch=&#8221;&#8221;][vc_column]<div class=\"ult-spacer spacer-69e19ff0e9700\" data-id=\"69e19ff0e9700\" data-height=\"125\" data-height-mobile=\"125\" data-height-tab=\"125\" data-height-tab-portrait=\"\" data-height-mobile-landscape=\"\" style=\"clear:both;display:block;\"><\/div>[\/vc_column][\/vc_row][vc_row ct_row_stretch=&#8221;&#8221;][vc_column][vc_column_text]\n<div>\n<p>En cumplimiento de lo dispuesto en el art\u00edculo 22.2 de la Ley 34\/2002, de Servicios de Sociedad de la Informaci\u00f3n y Comercio Electr\u00f3nico (LSSI), <strong>Fet\u00e9n Fet\u00e9n<\/strong> ha elaborado la Pol\u00edtica de Cookies que detallamos a continuaci\u00f3n y cuyo objetivo es proporcionar informaci\u00f3n clara y completa sobre la utilizaci\u00f3n de cookies en el presente P\u00e1gina Web, de acuerdo con lo dispuesto en la Ley Org\u00e1nica 15\/1999, de 13 de Diciembre, de Protecci\u00f3n de Datos de Car\u00e1cter Personal.<\/p>\n<p><strong>Si usted, continua navegando por esta p\u00e1gina web, entendemos que otorga su consentimiento para su uso e instalaci\u00f3n.<\/strong><\/p>\n<h3>\u00bfQu\u00e9 son las cookies?<\/h3>\n<p>Las cookies son peque\u00f1os textos alfanum\u00e9ricos que se almacenan en el terminal del usuario cuando visita casi cualquier p\u00e1gina web. Su funcionalidad permitir\u00e1 recordar su visita cuando vuelva a navegar por esta p\u00e1gina web www.fetenfeten.net<\/p>\n<h3>\u00bfQu\u00e9 tipos de cookies existen?<\/h3>\n<p>Seg\u00fan la entidad que gestione el equipo o dominio desde donde se env\u00edan las cookies podemos distinguir entre:<\/p>\n<ul>\n<li>Cookies propias: Son las generadas por la propia web que se est\u00e1 visitando y la titularidad corresponde al editor de la p\u00e1gina.<\/li>\n<li>Cookies de terceros: Son las generadas desde un dominio o equipo que no es gestionado por el editor de la p\u00e1gina, sino por una tercera entidad responsable y titular de las mismas.<\/li>\n<\/ul>\n<p>Seg\u00fan el plazo de tiempo que permanezcan activadas en el equipo del usuario podemos distinguir entre:<\/p>\n<ul>\n<li>Cookies de sesi\u00f3n: Estas cookies recaban y almacenan datos mientras que el usuario accede a una p\u00e1gina web, y se suelen emplear para almacenar la informaci\u00f3n necesaria para la prestaci\u00f3n de un servicio solicitado por el usuario en una sola sesi\u00f3n.<\/li>\n<li>Cookies persistentes: En estas cookies los datos siguen almacenados en el terminal del usuario y pueden ser tratados durante un tiempo definido por el responsable de la cookie.<\/li>\n<\/ul>\n<p>Seg\u00fan la finalidad para la que se traten los datos obtenidos a trav\u00e9s de las cookies, pueden ser:<\/p>\n<ul>\n<li>Cookies t\u00e9cnicas: Son las cookies necesarias para el funcionamiento de la p\u00e1gina web.<\/li>\n<li>Cookies de personalizaci\u00f3n: Estas cookies hacen posible que cada usuario pueda configurar aspectos tales como el lenguaje con el que desea ver una p\u00e1gina web.<\/li>\n<li>Cookies de an\u00e1lisis o rendimiento: Estas cookies permiten el seguimiento y an\u00e1lisis del comportamiento de los usuarios de los sitios web de una forma an\u00f3nima.<\/li>\n<li>Cookies publicitarias: Permiten implantar par\u00e1metros de eficiencia en la publicidad ofrecida en una p\u00e1gina web.<\/li>\n<li>Cookies de publicidad comportamental: Estas cookies almacenan informaci\u00f3n del comportamiento de los usuarios obtenida a trav\u00e9s de la observaci\u00f3n continuada de sus h\u00e1bitos de navegaci\u00f3n, lo que permite desarrollar un perfil espec\u00edfico para mostrar publicidad en funci\u00f3n del mismo.<\/li>\n<\/ul>\n<h3>\u00bfCu\u00e1les son las cookies utilizadas en esta p\u00e1gina?<\/h3>\n<p>La presente web utiliza las siguientes cookies:<\/p>\n<table class=\"table\">\n<thead>\n<tr>\n<th>Nombre de la cookie<\/th>\n<th>Descripci\u00f3n<\/th>\n<th>Tipo<\/th>\n<\/tr>\n<\/thead>\n<tbody>\n<tr>\n<td>Piwik (piwik cookies que empiezan por _pk_ref; _ pk_id;, _pk_ses)<\/td>\n<td>Esta cookie guarda una \u00fanica ID para identificar a un usuario, con el \u00fanico prop\u00f3sito de monitorear las visitas a la p\u00e1gina web. Esta ID no puede ser rastreada por ninguna persona o equipo y no es utilizada a nivel individual, personal o de equipo.<\/td>\n<td>De terceros<\/td>\n<\/tr>\n<tr>\n<td>csrftoken<\/td>\n<td>Cookie de seguridad que garantiza que al enviar un formulario este no ha sido suplantado por otro sitio o software malicioso (phishing) y no env\u00eda datos a terceros.<\/td>\n<td>\u00a0Propia<\/td>\n<\/tr>\n<\/tbody>\n<\/table>\n<h3>\u00bfC\u00f3mo desinstalar las cookies?<\/h3>\n<p>Puede restringir, bloquear o borrar las cookies de cualquier p\u00e1gina web a trav\u00e9s de su navegador. La operativa por los navegadores m\u00e1s utilizados la puede encontrar en los siguientes enlaces:<\/p>\n<ul>\n<li>Internet Explorer: windows.microsoft.com\/es-xl\/internet-explorer\/delete-manage-cookies#ie=&#8221;ie-10&#8243;<\/li>\n<li>Firefox: support.mozilla.org\/es\/kb\/Borrar%20cookies<\/li>\n<li>Chrome: support.google.com\/chrome\/answer\/95647?hl=&#8221;es&#8221;<\/li>\n<li>Safari: www.apple.com\/es\/privacy\/use-of-cookies\/<\/li>\n<\/ul>\n<h3>Actualizaci\u00f3n de la Pol\u00edtica de Cookies<\/h3>\n<p>La Pol\u00edtica de cookies puede ser cambiada para adaptarla a los diferentes cambios legislativos que pudieran darse, por ello recomendamos que cada vez que acceda a la presente p\u00e1gina acceda a la presente informaci\u00f3n.<\/p>\n<\/div>\n[\/vc_column_text][\/vc_column][\/vc_row][vc_row ct_row_stretch=&#8221;&#8221;][vc_column]<div class=\"ult-spacer spacer-69e19ff0e971f\" data-id=\"69e19ff0e971f\" data-height=\"125\" data-height-mobile=\"125\" data-height-tab=\"125\" data-height-tab-portrait=\"\" data-height-mobile-landscape=\"\" style=\"clear:both;display:block;\"><\/div>[\/vc_column][\/vc_row]\n","protected":false},"excerpt":{"rendered":"<p>[vc_row ct_row_stretch=&#8221;stretch_row_content_no_spaces&#8221; equal_height=&#8221;yes&#8221;][vc_column css=&#8221;.vc_custom_1750759227372{background-image: url(http:\/\/www.prodesin.net\/~fetenfeten\/wp-content\/uploads\/2025\/06\/cabsecc.png?id=9262) !important;background-position: center !important;background-repeat: no-repeat !important;background-size: cover !important;}&#8221;][\/vc_column][\/vc_row][vc_row ct_row_stretch=&#8221;&#8221;][vc_column][\/vc_column][\/vc_row][vc_row ct_row_stretch=&#8221;&#8221;][vc_column][vc_column_text] En cumplimiento de lo dispuesto en el art\u00edculo 22.2 de la Ley 34\/2002, de Servicios de &#8230;<\/p>\n","protected":false},"author":1,"featured_media":0,"parent":0,"menu_order":0,"comment_status":"closed","ping_status":"closed","template":"","meta":{"footnotes":""},"class_list":["post-10397","page","type-page","status-publish","hentry"],"yoast_head":"<!-- This site is optimized with the Yoast SEO plugin v25.4 - https:\/\/yoast.com\/wordpress\/plugins\/seo\/ -->\n<title>Fet\u00e9n Fet\u00e9n - Cookies policy<\/title>\n<meta name=\"description\" content=\"Read Fet\u00e9n Fet\u00e9n\u2019s cookies policy and learn how we use cookies to improve your browsing experience on our website.\" \/>\n<meta name=\"robots\" content=\"index, follow, max-snippet:-1, max-image-preview:large, max-video-preview:-1\" \/>\n<link rel=\"canonical\" href=\"https:\/\/www.fetenfeten.net\/en\/cookies-policy-feten-feten\/\" \/>\n<meta property=\"og:locale\" content=\"en_US\" \/>\n<meta property=\"og:type\" content=\"article\" \/>\n<meta property=\"og:title\" content=\"Fet\u00e9n Fet\u00e9n - Cookies policy\" \/>\n<meta property=\"og:description\" content=\"Read Fet\u00e9n Fet\u00e9n\u2019s cookies policy and learn how we use cookies to improve your browsing experience on our website.\" \/>\n<meta property=\"og:url\" content=\"https:\/\/www.fetenfeten.net\/en\/cookies-policy-feten-feten\/\" \/>\n<meta property=\"og:site_name\" content=\"Fet\u00e9n Fet\u00e9n\" \/>\n<meta property=\"article:publisher\" content=\"https:\/\/www.facebook.com\/duofeten\/\" \/>\n<meta property=\"article:modified_time\" content=\"2025-10-01T06:40:31+00:00\" \/>\n<meta name=\"twitter:card\" content=\"summary_large_image\" \/>\n<meta name=\"twitter:label1\" content=\"Est. reading time\" \/>\n\t<meta name=\"twitter:data1\" content=\"3 minutes\" \/>\n<script type=\"application\/ld+json\" class=\"yoast-schema-graph\">{\"@context\":\"https:\/\/schema.org\",\"@graph\":[{\"@type\":\"WebPage\",\"@id\":\"https:\/\/www.fetenfeten.net\/en\/cookies-policy-feten-feten\/\",\"url\":\"https:\/\/www.fetenfeten.net\/en\/cookies-policy-feten-feten\/\",\"name\":\"Fet\u00e9n Fet\u00e9n - Cookies policy\",\"isPartOf\":{\"@id\":\"https:\/\/www.fetenfeten.net\/en\/#website\"},\"datePublished\":\"2025-07-02T08:50:29+00:00\",\"dateModified\":\"2025-10-01T06:40:31+00:00\",\"description\":\"Read Fet\u00e9n Fet\u00e9n\u2019s cookies policy and learn how we use cookies to improve your browsing experience on our website.\",\"breadcrumb\":{\"@id\":\"https:\/\/www.fetenfeten.net\/en\/cookies-policy-feten-feten\/#breadcrumb\"},\"inLanguage\":\"en-US\",\"potentialAction\":[{\"@type\":\"ReadAction\",\"target\":[\"https:\/\/www.fetenfeten.net\/en\/cookies-policy-feten-feten\/\"]}]},{\"@type\":\"BreadcrumbList\",\"@id\":\"https:\/\/www.fetenfeten.net\/en\/cookies-policy-feten-feten\/#breadcrumb\",\"itemListElement\":[{\"@type\":\"ListItem\",\"position\":1,\"name\":\"Portada\",\"item\":\"https:\/\/www.fetenfeten.net\/en\/\"},{\"@type\":\"ListItem\",\"position\":2,\"name\":\"Pol\u00edtica de cookies\"}]},{\"@type\":\"WebSite\",\"@id\":\"https:\/\/www.fetenfeten.net\/en\/#website\",\"url\":\"https:\/\/www.fetenfeten.net\/en\/\",\"name\":\"Fet\u00e9n Fet\u00e9n\",\"description\":\"\",\"publisher\":{\"@id\":\"https:\/\/www.fetenfeten.net\/en\/#organization\"},\"potentialAction\":[{\"@type\":\"SearchAction\",\"target\":{\"@type\":\"EntryPoint\",\"urlTemplate\":\"https:\/\/www.fetenfeten.net\/en\/?s={search_term_string}\"},\"query-input\":{\"@type\":\"PropertyValueSpecification\",\"valueRequired\":true,\"valueName\":\"search_term_string\"}}],\"inLanguage\":\"en-US\"},{\"@type\":\"Organization\",\"@id\":\"https:\/\/www.fetenfeten.net\/en\/#organization\",\"name\":\"Fet\u00e9n Fet\u00e9n\",\"url\":\"https:\/\/www.fetenfeten.net\/en\/\",\"logo\":{\"@type\":\"ImageObject\",\"inLanguage\":\"en-US\",\"@id\":\"https:\/\/www.fetenfeten.net\/en\/#\/schema\/logo\/image\/\",\"url\":\"https:\/\/www.fetenfeten.net\/wp-content\/uploads\/2025\/06\/nodisponible.png\",\"contentUrl\":\"https:\/\/www.fetenfeten.net\/wp-content\/uploads\/2025\/06\/nodisponible.png\",\"width\":500,\"height\":500,\"caption\":\"Fet\u00e9n Fet\u00e9n\"},\"image\":{\"@id\":\"https:\/\/www.fetenfeten.net\/en\/#\/schema\/logo\/image\/\"},\"sameAs\":[\"https:\/\/www.facebook.com\/duofeten\/\",\"https:\/\/www.instagram.com\/duofeten\/\"]}]}<\/script>\n<!-- \/ Yoast SEO plugin. -->","yoast_head_json":{"title":"Fet\u00e9n Fet\u00e9n - Cookies policy","description":"Read Fet\u00e9n Fet\u00e9n\u2019s cookies policy and learn how we use cookies to improve your browsing experience on our website.","robots":{"index":"index","follow":"follow","max-snippet":"max-snippet:-1","max-image-preview":"max-image-preview:large","max-video-preview":"max-video-preview:-1"},"canonical":"https:\/\/www.fetenfeten.net\/en\/cookies-policy-feten-feten\/","og_locale":"en_US","og_type":"article","og_title":"Fet\u00e9n Fet\u00e9n - Cookies policy","og_description":"Read Fet\u00e9n Fet\u00e9n\u2019s cookies policy and learn how we use cookies to improve your browsing experience on our website.","og_url":"https:\/\/www.fetenfeten.net\/en\/cookies-policy-feten-feten\/","og_site_name":"Fet\u00e9n Fet\u00e9n","article_publisher":"https:\/\/www.facebook.com\/duofeten\/","article_modified_time":"2025-10-01T06:40:31+00:00","twitter_card":"summary_large_image","twitter_misc":{"Est. reading time":"3 minutes"},"schema":{"@context":"https:\/\/schema.org","@graph":[{"@type":"WebPage","@id":"https:\/\/www.fetenfeten.net\/en\/cookies-policy-feten-feten\/","url":"https:\/\/www.fetenfeten.net\/en\/cookies-policy-feten-feten\/","name":"Fet\u00e9n Fet\u00e9n - Cookies policy","isPartOf":{"@id":"https:\/\/www.fetenfeten.net\/en\/#website"},"datePublished":"2025-07-02T08:50:29+00:00","dateModified":"2025-10-01T06:40:31+00:00","description":"Read Fet\u00e9n Fet\u00e9n\u2019s cookies policy and learn how we use cookies to improve your browsing experience on our website.","breadcrumb":{"@id":"https:\/\/www.fetenfeten.net\/en\/cookies-policy-feten-feten\/#breadcrumb"},"inLanguage":"en-US","potentialAction":[{"@type":"ReadAction","target":["https:\/\/www.fetenfeten.net\/en\/cookies-policy-feten-feten\/"]}]},{"@type":"BreadcrumbList","@id":"https:\/\/www.fetenfeten.net\/en\/cookies-policy-feten-feten\/#breadcrumb","itemListElement":[{"@type":"ListItem","position":1,"name":"Portada","item":"https:\/\/www.fetenfeten.net\/en\/"},{"@type":"ListItem","position":2,"name":"Pol\u00edtica de cookies"}]},{"@type":"WebSite","@id":"https:\/\/www.fetenfeten.net\/en\/#website","url":"https:\/\/www.fetenfeten.net\/en\/","name":"Fet\u00e9n Fet\u00e9n","description":"","publisher":{"@id":"https:\/\/www.fetenfeten.net\/en\/#organization"},"potentialAction":[{"@type":"SearchAction","target":{"@type":"EntryPoint","urlTemplate":"https:\/\/www.fetenfeten.net\/en\/?s={search_term_string}"},"query-input":{"@type":"PropertyValueSpecification","valueRequired":true,"valueName":"search_term_string"}}],"inLanguage":"en-US"},{"@type":"Organization","@id":"https:\/\/www.fetenfeten.net\/en\/#organization","name":"Fet\u00e9n Fet\u00e9n","url":"https:\/\/www.fetenfeten.net\/en\/","logo":{"@type":"ImageObject","inLanguage":"en-US","@id":"https:\/\/www.fetenfeten.net\/en\/#\/schema\/logo\/image\/","url":"https:\/\/www.fetenfeten.net\/wp-content\/uploads\/2025\/06\/nodisponible.png","contentUrl":"https:\/\/www.fetenfeten.net\/wp-content\/uploads\/2025\/06\/nodisponible.png","width":500,"height":500,"caption":"Fet\u00e9n Fet\u00e9n"},"image":{"@id":"https:\/\/www.fetenfeten.net\/en\/#\/schema\/logo\/image\/"},"sameAs":["https:\/\/www.facebook.com\/duofeten\/","https:\/\/www.instagram.com\/duofeten\/"]}]}},"_links":{"self":[{"href":"https:\/\/www.fetenfeten.net\/en\/wp-json\/wp\/v2\/pages\/10397","targetHints":{"allow":["GET"]}}],"collection":[{"href":"https:\/\/www.fetenfeten.net\/en\/wp-json\/wp\/v2\/pages"}],"about":[{"href":"https:\/\/www.fetenfeten.net\/en\/wp-json\/wp\/v2\/types\/page"}],"author":[{"embeddable":true,"href":"https:\/\/www.fetenfeten.net\/en\/wp-json\/wp\/v2\/users\/1"}],"replies":[{"embeddable":true,"href":"https:\/\/www.fetenfeten.net\/en\/wp-json\/wp\/v2\/comments?post=10397"}],"version-history":[{"count":2,"href":"https:\/\/www.fetenfeten.net\/en\/wp-json\/wp\/v2\/pages\/10397\/revisions"}],"predecessor-version":[{"id":10721,"href":"https:\/\/www.fetenfeten.net\/en\/wp-json\/wp\/v2\/pages\/10397\/revisions\/10721"}],"wp:attachment":[{"href":"https:\/\/www.fetenfeten.net\/en\/wp-json\/wp\/v2\/media?parent=10397"}],"curies":[{"name":"wp","href":"https:\/\/api.w.org\/{rel}","templated":true}]}}