{"id":10537,"date":"2025-09-11T09:20:08","date_gmt":"2025-09-11T07:20:08","guid":{"rendered":"https:\/\/www.fetenfeten.net\/la-felicidad-exenta-de-negacionistas\/"},"modified":"2025-09-11T09:52:01","modified_gmt":"2025-09-11T07:52:01","slug":"la-felicidad-exenta-de-negacionistas","status":"publish","type":"page","link":"https:\/\/www.fetenfeten.net\/en\/la-felicidad-exenta-de-negacionistas\/","title":{"rendered":"La felicidad exenta de negacionistas"},"content":{"rendered":"[vc_row ct_row_stretch=&#8221;stretch_row_content_no_spaces&#8221; equal_height=&#8221;yes&#8221;][vc_column css=&#8221;.vc_custom_1750759227372{background-image: url(http:\/\/www.prodesin.net\/~fetenfeten\/wp-content\/uploads\/2025\/06\/cabsecc.png?id=9262) !important;background-position: center !important;background-repeat: no-repeat !important;background-size: cover !important;}&#8221;]<div class=\"ult-spacer spacer-69e49e5e79b85\" data-id=\"69e49e5e79b85\" data-height=\"140\" data-height-mobile=\"140\" data-height-tab=\"140\" data-height-tab-portrait=\"\" data-height-mobile-landscape=\"\" style=\"clear:both;display:block;\"><\/div><div id=\"ultimate-heading-539369e49e5e79be5\" class=\"uvc-heading ult-adjust-bottom-margin ultimate-heading-539369e49e5e79be5 uvc-8490 \" data-hspacer=\"no_spacer\"  data-halign=\"center\" style=\"text-align:center\"><div class=\"uvc-heading-spacer no_spacer\" style=\"top\"><\/div><div class=\"uvc-main-heading ult-responsive\"  data-ultimate-target='.uvc-heading.ultimate-heading-539369e49e5e79be5 h3'  data-responsive-json-new='{\"font-size\":\"desktop:30px;\",\"line-height\":\"desktop:25px;\"}' ><h3 style=\"font-weight:bold;color:#f9f0dd;margin-bottom:16px;\">FET\u00c9N FET\u00c9N: LA FELICIDAD EXENTA DE NEGACIONISTAS<\/h3><\/div><\/div><div class=\"ult-spacer spacer-69e49e5e79c22\" data-id=\"69e49e5e79c22\" data-height=\"125\" data-height-mobile=\"125\" data-height-tab=\"125\" data-height-tab-portrait=\"\" data-height-mobile-landscape=\"\" style=\"clear:both;display:block;\"><\/div>[\/vc_column][\/vc_row][vc_row ct_row_stretch=&#8221;&#8221;][vc_column]<div class=\"ult-spacer spacer-69e49e5e79c46\" data-id=\"69e49e5e79c46\" data-height=\"125\" data-height-mobile=\"125\" data-height-tab=\"125\" data-height-tab-portrait=\"\" data-height-mobile-landscape=\"\" style=\"clear:both;display:block;\"><\/div>[\/vc_column][\/vc_row][vc_row ct_row_stretch=&#8221;&#8221;][vc_column width=&#8221;1\/3&#8243;][vc_column_text]No se lo van a creer, pero hemos tenido noticia de un grupo musical en Espa\u00f1a que lleva diez a\u00f1os, \u00a1diez!, dedic\u00e1ndose exclusivamente a eso, a hacer m\u00fasica. Buena, muy buena, puede que cada vez mejor. El suyo es un nombre extra\u00f1o, por repetido; seguramente fruto de alguna chanza privada, porque resultan ser gente risue\u00f1a y buena. Y a sus art\u00edfices no se les conocen estudios de mercadotecnia, alardes fotog\u00e9nicos, experimentos virales en las redes de la vanidad, manejos de autotunes ni de otros caparazones el\u00e9ctricos o electr\u00f3nicos que sirvan para disimular carencias y camuflarlas como hitos de la modernidad. Qu\u00e9 va. Fet\u00e9n Fet\u00e9n solo saben dedicarse a lo suyo. Pero son buenos hasta ese punto al que ni siquiera la hip\u00e9rbole alcanza.<\/p>\n<p>En cierta ocasi\u00f3n les pregunt\u00e9 a Arribas y Galaz por el n\u00famero de instrumentos que sab\u00edan tocar cada uno de ellos con un m\u00ednimo de solvencia. \u00bfCuatro, cinco, diez? Se les puso el gesto abrumado, como aquel a quien se le acaba de formular una pregunta de complejidad extrema y suplica que le eximan de responder. Al final, y por toda contestaci\u00f3n, optaron por un leve encogimiento de hombros. No era jactancia, desde luego, sino pura humildad. Nunca se les hab\u00eda ocurrido hacer la cuenta o barruntar que semejantes habilidades y sabidur\u00edas merecieran ser numeradas o implicasen un valor excepcional. \u00bfO es que acaso un artesano se detuvo alguna vez a contabilizar cu\u00e1ntos cachivaches hab\u00edan acabado encontrando acomodo en su mesa de herramientas?[\/vc_column_text][\/vc_column][vc_column width=&#8221;1\/3&#8243;][vc_column_text]Los instrumentos musicales, a ojos de nuestro t\u00e1ndem, no son material para el pavoneo, sino artilugios para la expresi\u00f3n m\u00e1s trascendente y profunda, los legatarios de una herencia fundamental que nos confiaron nuestros tatarabuelos. Por eso no hay af\u00e1n de numerar ni competir, porque ni la belleza ni el talento pueden cuantificarse o fluct\u00faan en funci\u00f3n de los vaivenes del Ibex 35 o los designios del Instituto Nacional de Estad\u00edstica. Existe solo la responsabilidad profunda con esas voces y pueblos que nos antecedieron; el compromiso \u00edntimo de mantener viva esa cadena de transmisi\u00f3n de las emociones.<\/p>\n<p>Solo esa convicci\u00f3n, la de eslab\u00f3n en una preciosa l\u00ednea de aprendizaje a lo largo de la historia, permite a Diego y Jorge ser tan serios, rigurosos y concienzudos con su trabajo, pero a la vez tan divertidos y pertinentes para una misi\u00f3n especial dificil\u00edsima: la expansi\u00f3n contagiosa de la felicidad. Solo la efervescencia de Fet\u00e9n Fet\u00e9n cuando hacen sonar su arsenal de instrumentos, cuando ponen a girar su particular manivela de los sue\u00f1os, es capaz de competir con la \u00f3micron en velocidad de expansi\u00f3n. Con la inmensa ventaja en su caso \u2013y benditos sean los dos por ello\u2013 de que no se han descrito contraindicaciones para su medicina.<\/p>\n<p>Porque estos dos mocetones de esa Castilla no tan vieja como sabia deben de ser ahora mismo los \u00fanicos, en este mundo desquiciado y demente, a los que por el momento no les han surgido negacionistas.<br \/>\n[\/vc_column_text][\/vc_column][vc_column width=&#8221;1\/3&#8243;][vc_column_text]Ojal\u00e1 el efecto ben\u00e9fico de su b\u00e1lsamo se prolongue durante muchos a\u00f1os, irrumpa en el torrente sangu\u00edneo de nuevas generaciones y vaya conociendo los suficientes ap\u00f3stoles dispuestos a consagrar sus mejores esfuerzos a la expansi\u00f3n de la alegr\u00eda sonora nacida de ese ingenio secular que atesora el ser humano. He ah\u00ed, bien pensado, otro buen motivo para que ellos dos no despeguen los pies del suelo, por muy fuerte que pudieran resonarles los ecos de los aplausos. Mientras la humanidad dedica ahora colosales esfuerzos a la expansi\u00f3n de la bilis o su inmolaci\u00f3n en las espirales de desprecio al pr\u00f3jimo, los que nos antecedieron eran capaces de tallar con la navaja una simple ca\u00f1a y aventurarse, con esa flautilla improvisada, a la conquista de corazones propios y ajenos. Aquello s\u00ed que era tirarse al monte. Menos mal que unos pocos valientes como Diego y Jorge, Jorge y Diego, han decidido perseverar en las expediciones por esas m\u00e1gicas veredas de los monta\u00f1eros.[\/vc_column_text]<div class=\"ult-spacer spacer-69e49e5e79c84\" data-id=\"69e49e5e79c84\" data-height=\"20\" data-height-mobile=\"20\" data-height-tab=\"20\" data-height-tab-portrait=\"\" data-height-mobile-landscape=\"\" style=\"clear:both;display:block;\"><\/div>[vc_single_image image=&#8221;10043&#8243; img_size=&#8221;large&#8221;][\/vc_column][\/vc_row][vc_row ct_row_stretch=&#8221;&#8221;][vc_column]<div class=\"ult-spacer spacer-69e49e5e79cb3\" data-id=\"69e49e5e79cb3\" data-height=\"125\" data-height-mobile=\"125\" data-height-tab=\"125\" data-height-tab-portrait=\"\" data-height-mobile-landscape=\"\" style=\"clear:both;display:block;\"><\/div>[\/vc_column][\/vc_row]\n","protected":false},"excerpt":{"rendered":"<p>[vc_row ct_row_stretch=&#8221;stretch_row_content_no_spaces&#8221; equal_height=&#8221;yes&#8221;][vc_column css=&#8221;.vc_custom_1750759227372{background-image: url(http:\/\/www.prodesin.net\/~fetenfeten\/wp-content\/uploads\/2025\/06\/cabsecc.png?id=9262) !important;background-position: center !important;background-repeat: no-repeat !important;background-size: cover !important;}&#8221;][\/vc_column][\/vc_row][vc_row ct_row_stretch=&#8221;&#8221;][vc_column][\/vc_column][\/vc_row][vc_row ct_row_stretch=&#8221;&#8221;][vc_column width=&#8221;1\/3&#8243;][vc_column_text]No se lo van a creer, pero hemos tenido noticia de un grupo musical en Espa\u00f1a &#8230;<\/p>\n","protected":false},"author":2,"featured_media":0,"parent":0,"menu_order":0,"comment_status":"closed","ping_status":"closed","template":"","meta":{"footnotes":""},"class_list":["post-10537","page","type-page","status-publish","hentry"],"yoast_head":"<!-- This site is optimized with the Yoast SEO plugin v25.4 - https:\/\/yoast.com\/wordpress\/plugins\/seo\/ -->\n<title>La felicidad exenta de negacionistas - Fet\u00e9n Fet\u00e9n<\/title>\n<meta name=\"robots\" content=\"index, follow, max-snippet:-1, max-image-preview:large, max-video-preview:-1\" \/>\n<link rel=\"canonical\" href=\"https:\/\/www.fetenfeten.net\/en\/la-felicidad-exenta-de-negacionistas\/\" \/>\n<meta property=\"og:locale\" content=\"en_US\" \/>\n<meta property=\"og:type\" content=\"article\" \/>\n<meta property=\"og:title\" content=\"La felicidad exenta de negacionistas - Fet\u00e9n Fet\u00e9n\" \/>\n<meta property=\"og:description\" content=\"[vc_row ct_row_stretch=&#8221;stretch_row_content_no_spaces&#8221; equal_height=&#8221;yes&#8221;][vc_column css=&#8221;.vc_custom_1750759227372{background-image: url(http:\/\/www.prodesin.net\/~fetenfeten\/wp-content\/uploads\/2025\/06\/cabsecc.png?id=9262) !important;background-position: center !important;background-repeat: no-repeat !important;background-size: cover !important;}&#8221;][\/vc_column][\/vc_row][vc_row ct_row_stretch=&#8221;&#8221;][vc_column][\/vc_column][\/vc_row][vc_row ct_row_stretch=&#8221;&#8221;][vc_column width=&#8221;1\/3&#8243;][vc_column_text]No se lo van a creer, pero hemos tenido noticia de un grupo musical en Espa\u00f1a ...\" \/>\n<meta property=\"og:url\" content=\"https:\/\/www.fetenfeten.net\/en\/la-felicidad-exenta-de-negacionistas\/\" \/>\n<meta property=\"og:site_name\" content=\"Fet\u00e9n Fet\u00e9n\" \/>\n<meta property=\"article:publisher\" content=\"https:\/\/www.facebook.com\/duofeten\/\" \/>\n<meta property=\"article:modified_time\" content=\"2025-09-11T07:52:01+00:00\" \/>\n<meta name=\"twitter:card\" content=\"summary_large_image\" \/>\n<meta name=\"twitter:label1\" content=\"Est. reading time\" \/>\n\t<meta name=\"twitter:data1\" content=\"4 minutes\" \/>\n<script type=\"application\/ld+json\" class=\"yoast-schema-graph\">{\"@context\":\"https:\/\/schema.org\",\"@graph\":[{\"@type\":\"WebPage\",\"@id\":\"https:\/\/www.fetenfeten.net\/en\/la-felicidad-exenta-de-negacionistas\/\",\"url\":\"https:\/\/www.fetenfeten.net\/en\/la-felicidad-exenta-de-negacionistas\/\",\"name\":\"La felicidad exenta de negacionistas - Fet\u00e9n Fet\u00e9n\",\"isPartOf\":{\"@id\":\"https:\/\/www.fetenfeten.net\/en\/#website\"},\"datePublished\":\"2025-09-11T07:20:08+00:00\",\"dateModified\":\"2025-09-11T07:52:01+00:00\",\"breadcrumb\":{\"@id\":\"https:\/\/www.fetenfeten.net\/en\/la-felicidad-exenta-de-negacionistas\/#breadcrumb\"},\"inLanguage\":\"en-US\",\"potentialAction\":[{\"@type\":\"ReadAction\",\"target\":[\"https:\/\/www.fetenfeten.net\/en\/la-felicidad-exenta-de-negacionistas\/\"]}]},{\"@type\":\"BreadcrumbList\",\"@id\":\"https:\/\/www.fetenfeten.net\/en\/la-felicidad-exenta-de-negacionistas\/#breadcrumb\",\"itemListElement\":[{\"@type\":\"ListItem\",\"position\":1,\"name\":\"Portada\",\"item\":\"https:\/\/www.fetenfeten.net\/en\/\"},{\"@type\":\"ListItem\",\"position\":2,\"name\":\"La felicidad exenta de negacionistas\"}]},{\"@type\":\"WebSite\",\"@id\":\"https:\/\/www.fetenfeten.net\/en\/#website\",\"url\":\"https:\/\/www.fetenfeten.net\/en\/\",\"name\":\"Fet\u00e9n Fet\u00e9n\",\"description\":\"\",\"publisher\":{\"@id\":\"https:\/\/www.fetenfeten.net\/en\/#organization\"},\"potentialAction\":[{\"@type\":\"SearchAction\",\"target\":{\"@type\":\"EntryPoint\",\"urlTemplate\":\"https:\/\/www.fetenfeten.net\/en\/?s={search_term_string}\"},\"query-input\":{\"@type\":\"PropertyValueSpecification\",\"valueRequired\":true,\"valueName\":\"search_term_string\"}}],\"inLanguage\":\"en-US\"},{\"@type\":\"Organization\",\"@id\":\"https:\/\/www.fetenfeten.net\/en\/#organization\",\"name\":\"Fet\u00e9n Fet\u00e9n\",\"url\":\"https:\/\/www.fetenfeten.net\/en\/\",\"logo\":{\"@type\":\"ImageObject\",\"inLanguage\":\"en-US\",\"@id\":\"https:\/\/www.fetenfeten.net\/en\/#\/schema\/logo\/image\/\",\"url\":\"https:\/\/www.fetenfeten.net\/wp-content\/uploads\/2025\/06\/nodisponible.png\",\"contentUrl\":\"https:\/\/www.fetenfeten.net\/wp-content\/uploads\/2025\/06\/nodisponible.png\",\"width\":500,\"height\":500,\"caption\":\"Fet\u00e9n Fet\u00e9n\"},\"image\":{\"@id\":\"https:\/\/www.fetenfeten.net\/en\/#\/schema\/logo\/image\/\"},\"sameAs\":[\"https:\/\/www.facebook.com\/duofeten\/\",\"https:\/\/www.instagram.com\/duofeten\/\"]}]}<\/script>\n<!-- \/ Yoast SEO plugin. -->","yoast_head_json":{"title":"La felicidad exenta de negacionistas - Fet\u00e9n Fet\u00e9n","robots":{"index":"index","follow":"follow","max-snippet":"max-snippet:-1","max-image-preview":"max-image-preview:large","max-video-preview":"max-video-preview:-1"},"canonical":"https:\/\/www.fetenfeten.net\/en\/la-felicidad-exenta-de-negacionistas\/","og_locale":"en_US","og_type":"article","og_title":"La felicidad exenta de negacionistas - Fet\u00e9n Fet\u00e9n","og_description":"[vc_row ct_row_stretch=&#8221;stretch_row_content_no_spaces&#8221; equal_height=&#8221;yes&#8221;][vc_column css=&#8221;.vc_custom_1750759227372{background-image: url(http:\/\/www.prodesin.net\/~fetenfeten\/wp-content\/uploads\/2025\/06\/cabsecc.png?id=9262) !important;background-position: center !important;background-repeat: no-repeat !important;background-size: cover !important;}&#8221;][\/vc_column][\/vc_row][vc_row ct_row_stretch=&#8221;&#8221;][vc_column][\/vc_column][\/vc_row][vc_row ct_row_stretch=&#8221;&#8221;][vc_column width=&#8221;1\/3&#8243;][vc_column_text]No se lo van a creer, pero hemos tenido noticia de un grupo musical en Espa\u00f1a ...","og_url":"https:\/\/www.fetenfeten.net\/en\/la-felicidad-exenta-de-negacionistas\/","og_site_name":"Fet\u00e9n Fet\u00e9n","article_publisher":"https:\/\/www.facebook.com\/duofeten\/","article_modified_time":"2025-09-11T07:52:01+00:00","twitter_card":"summary_large_image","twitter_misc":{"Est. reading time":"4 minutes"},"schema":{"@context":"https:\/\/schema.org","@graph":[{"@type":"WebPage","@id":"https:\/\/www.fetenfeten.net\/en\/la-felicidad-exenta-de-negacionistas\/","url":"https:\/\/www.fetenfeten.net\/en\/la-felicidad-exenta-de-negacionistas\/","name":"La felicidad exenta de negacionistas - Fet\u00e9n Fet\u00e9n","isPartOf":{"@id":"https:\/\/www.fetenfeten.net\/en\/#website"},"datePublished":"2025-09-11T07:20:08+00:00","dateModified":"2025-09-11T07:52:01+00:00","breadcrumb":{"@id":"https:\/\/www.fetenfeten.net\/en\/la-felicidad-exenta-de-negacionistas\/#breadcrumb"},"inLanguage":"en-US","potentialAction":[{"@type":"ReadAction","target":["https:\/\/www.fetenfeten.net\/en\/la-felicidad-exenta-de-negacionistas\/"]}]},{"@type":"BreadcrumbList","@id":"https:\/\/www.fetenfeten.net\/en\/la-felicidad-exenta-de-negacionistas\/#breadcrumb","itemListElement":[{"@type":"ListItem","position":1,"name":"Portada","item":"https:\/\/www.fetenfeten.net\/en\/"},{"@type":"ListItem","position":2,"name":"La felicidad exenta de negacionistas"}]},{"@type":"WebSite","@id":"https:\/\/www.fetenfeten.net\/en\/#website","url":"https:\/\/www.fetenfeten.net\/en\/","name":"Fet\u00e9n Fet\u00e9n","description":"","publisher":{"@id":"https:\/\/www.fetenfeten.net\/en\/#organization"},"potentialAction":[{"@type":"SearchAction","target":{"@type":"EntryPoint","urlTemplate":"https:\/\/www.fetenfeten.net\/en\/?s={search_term_string}"},"query-input":{"@type":"PropertyValueSpecification","valueRequired":true,"valueName":"search_term_string"}}],"inLanguage":"en-US"},{"@type":"Organization","@id":"https:\/\/www.fetenfeten.net\/en\/#organization","name":"Fet\u00e9n Fet\u00e9n","url":"https:\/\/www.fetenfeten.net\/en\/","logo":{"@type":"ImageObject","inLanguage":"en-US","@id":"https:\/\/www.fetenfeten.net\/en\/#\/schema\/logo\/image\/","url":"https:\/\/www.fetenfeten.net\/wp-content\/uploads\/2025\/06\/nodisponible.png","contentUrl":"https:\/\/www.fetenfeten.net\/wp-content\/uploads\/2025\/06\/nodisponible.png","width":500,"height":500,"caption":"Fet\u00e9n Fet\u00e9n"},"image":{"@id":"https:\/\/www.fetenfeten.net\/en\/#\/schema\/logo\/image\/"},"sameAs":["https:\/\/www.facebook.com\/duofeten\/","https:\/\/www.instagram.com\/duofeten\/"]}]}},"_links":{"self":[{"href":"https:\/\/www.fetenfeten.net\/en\/wp-json\/wp\/v2\/pages\/10537","targetHints":{"allow":["GET"]}}],"collection":[{"href":"https:\/\/www.fetenfeten.net\/en\/wp-json\/wp\/v2\/pages"}],"about":[{"href":"https:\/\/www.fetenfeten.net\/en\/wp-json\/wp\/v2\/types\/page"}],"author":[{"embeddable":true,"href":"https:\/\/www.fetenfeten.net\/en\/wp-json\/wp\/v2\/users\/2"}],"replies":[{"embeddable":true,"href":"https:\/\/www.fetenfeten.net\/en\/wp-json\/wp\/v2\/comments?post=10537"}],"version-history":[{"count":3,"href":"https:\/\/www.fetenfeten.net\/en\/wp-json\/wp\/v2\/pages\/10537\/revisions"}],"predecessor-version":[{"id":10540,"href":"https:\/\/www.fetenfeten.net\/en\/wp-json\/wp\/v2\/pages\/10537\/revisions\/10540"}],"wp:attachment":[{"href":"https:\/\/www.fetenfeten.net\/en\/wp-json\/wp\/v2\/media?parent=10537"}],"curies":[{"name":"wp","href":"https:\/\/api.w.org\/{rel}","templated":true}]}}